{"id":888,"date":"2020-08-18T14:50:38","date_gmt":"2020-08-18T14:50:38","guid":{"rendered":"http:\/\/autoboxmataro.es\/quienes-somos\/"},"modified":"2020-09-14T15:15:52","modified_gmt":"2020-09-14T15:15:52","slug":"qui-som","status":"publish","type":"page","link":"https:\/\/autoboxmataro.es\/ca\/qui-som\/","title":{"rendered":"Qui Som"},"content":{"rendered":"\n<style type=\"text\/css\" data-created_by=\"avia_inline_auto\" id=\"style-css-av-ke16p6n7-f33991afbb70ad6e1bd9e831beb03749\">\n.avia-section.av-ke16p6n7-f33991afbb70ad6e1bd9e831beb03749{\nbackground-color:#031f42;\nbackground:linear-gradient( to bottom, #031f42, #424242 );\n}\n<\/style>\n<div id='av_section_1'  class='avia-section av-ke16p6n7-f33991afbb70ad6e1bd9e831beb03749 main_color avia-section-large avia-no-border-styling  avia-builder-el-0  el_before_av_heading  avia-builder-el-first  avia-bg-style-scroll container_wrap sidebar_right'  ><div class='container av-section-cont-open' ><main  role=\"main\" itemprop=\"mainContentOfPage\"  class='template-page content  av-content-small alpha units'><div class='post-entry post-entry-type-page post-entry-888'><div class='entry-content-wrapper clearfix'>\n\n<style type=\"text\/css\" data-created_by=\"avia_inline_auto\" id=\"style-css-av-kejspagp-d33adac524b27faacf6e0bd41444c006\">\n#top .av-special-heading.av-kejspagp-d33adac524b27faacf6e0bd41444c006{\npadding-bottom:10px;\ncolor:#ffffff;\nfont-size:44px;\n}\nbody .av-special-heading.av-kejspagp-d33adac524b27faacf6e0bd41444c006 .av-special-heading-tag .heading-char{\nfont-size:25px;\n}\n#top #wrap_all .av-special-heading.av-kejspagp-d33adac524b27faacf6e0bd41444c006 .av-special-heading-tag{\nfont-size:44px;\n}\n.av-special-heading.av-kejspagp-d33adac524b27faacf6e0bd41444c006 .special-heading-inner-border{\nborder-color:#ffffff;\n}\n.av-special-heading.av-kejspagp-d33adac524b27faacf6e0bd41444c006 .av-subheading{\nfont-size:15px;\n}\n\n@media only screen and (min-width: 480px) and (max-width: 767px){ \n#top #wrap_all .av-special-heading.av-kejspagp-d33adac524b27faacf6e0bd41444c006 .av-special-heading-tag{\nfont-size:0.8em;\n}\n}\n\n@media only screen and (max-width: 479px){ \n#top #wrap_all .av-special-heading.av-kejspagp-d33adac524b27faacf6e0bd41444c006 .av-special-heading-tag{\nfont-size:0.8em;\n}\n}\n<\/style>\n<div  class='av-special-heading av-kejspagp-d33adac524b27faacf6e0bd41444c006 av-special-heading-h3 custom-color-heading blockquote modern-quote modern-centered  avia-builder-el-1  avia-builder-el-no-sibling  av-inherit-size'><h3 class='av-special-heading-tag '  itemprop=\"headline\"  >QUI SOM<\/h3><div class=\"special-heading-border\"><div class=\"special-heading-inner-border\"><\/div><\/div><\/div>\n<\/div><\/div><\/main><!-- close content main element --><\/div><\/div><div id='after_section_1'  class='main_color av_default_container_wrap container_wrap sidebar_right'  ><div class='container av-section-cont-open' ><div class='template-page content  av-content-small alpha units'><div class='post-entry post-entry-type-page post-entry-888'><div class='entry-content-wrapper clearfix'>\n\n<style type=\"text\/css\" data-created_by=\"avia_inline_auto\" id=\"style-css-av-av_heading-be347de55bef29477fbf758fd7914016\">\n#top .av-special-heading.av-av_heading-be347de55bef29477fbf758fd7914016{\npadding-bottom:10px;\nfont-size:22px;\n}\nbody .av-special-heading.av-av_heading-be347de55bef29477fbf758fd7914016 .av-special-heading-tag .heading-char{\nfont-size:25px;\n}\n#top #wrap_all .av-special-heading.av-av_heading-be347de55bef29477fbf758fd7914016 .av-special-heading-tag{\nfont-size:22px;\n}\n.av-special-heading.av-av_heading-be347de55bef29477fbf758fd7914016 .av-subheading{\nfont-size:15px;\n}\n\n@media only screen and (min-width: 480px) and (max-width: 767px){ \n#top #wrap_all .av-special-heading.av-av_heading-be347de55bef29477fbf758fd7914016 .av-special-heading-tag{\nfont-size:0.8em;\n}\n}\n\n@media only screen and (max-width: 479px){ \n#top #wrap_all .av-special-heading.av-av_heading-be347de55bef29477fbf758fd7914016 .av-special-heading-tag{\nfont-size:0.8em;\n}\n}\n<\/style>\n<div  class='av-special-heading av-av_heading-be347de55bef29477fbf758fd7914016 av-special-heading-h3 blockquote modern-quote  avia-builder-el-2  el_after_av_section  el_before_av_hr  avia-builder-el-first  av-inherit-size'><h3 class='av-special-heading-tag '  itemprop=\"headline\"  >PERQU\u00c8 AUTOBOX<\/h3><div class=\"special-heading-border\"><div class=\"special-heading-inner-border\"><\/div><\/div><\/div>\n\n<style type=\"text\/css\" data-created_by=\"avia_inline_auto\" id=\"style-css-av-ke13pkoc-1a494fc4d49e85110c51d69ab2ba8542\">\n#top .hr.av-ke13pkoc-1a494fc4d49e85110c51d69ab2ba8542{\nmargin-top:5px;\nmargin-bottom:30px;\n}\n.hr.av-ke13pkoc-1a494fc4d49e85110c51d69ab2ba8542 .hr-inner{\nwidth:150px;\nborder-color:#031f42;\n}\n<\/style>\n<div  class='hr av-ke13pkoc-1a494fc4d49e85110c51d69ab2ba8542 hr-custom  avia-builder-el-3  el_after_av_heading  el_before_av_textblock  hr-left hr-icon-no'><span class='hr-inner inner-border-av-border-fat'><span class=\"hr-inner-style\"><\/span><\/span><\/div>\n\n<style type=\"text\/css\" data-created_by=\"avia_inline_auto\" id=\"style-css-av-ke141chf-28d04b7c4848ad4d4a1faa4ae8a8aadf\">\n#top .av_textblock_section.av-ke141chf-28d04b7c4848ad4d4a1faa4ae8a8aadf .avia_textblock{\nfont-size:18px;\ncolor:#919191;\n}\n<\/style>\n<section  class='av_textblock_section av-ke141chf-28d04b7c4848ad4d4a1faa4ae8a8aadf '   itemscope=\"itemscope\" itemtype=\"https:\/\/schema.org\/CreativeWork\" ><div class='avia_textblock av_inherit_color'  itemprop=\"text\" ><p>Empresa jove i pionera en el servei de lloguer de boxes a matar\u00f3, amb una \u00e0mplia experi\u00e8ncia en automoci\u00f3.<\/p>\n<\/div><\/section>\n\n<style type=\"text\/css\" data-created_by=\"avia_inline_auto\" id=\"style-css-av-ke144ab9-4ecaa24b4a4e46be6421d26e6be63bca\">\n#top .av_textblock_section.av-ke144ab9-4ecaa24b4a4e46be6421d26e6be63bca .avia_textblock{\ncolor:#0a0a0a;\n}\n<\/style>\n<section  class='av_textblock_section av-ke144ab9-4ecaa24b4a4e46be6421d26e6be63bca '   itemscope=\"itemscope\" itemtype=\"https:\/\/schema.org\/CreativeWork\" ><div class='avia_textblock av_inherit_color'  itemprop=\"text\" ><p>Tenim una \u00e0mplia experi\u00e8ncia tant en concessionaris oficials com en tallers multimarca de vehicles.<\/p>\n<p>La nostra actitud emprenedora ens d\u00f3na la facultat de muntar aquest negoci, pioner en el sector de l&#8217;autom\u00f2bil.<\/p>\n<p>El nostre pensament \u00e9s clar i diferencial: Fes tu mateix el manteniment o les reparacions del teu cotxe, sempre amb un suport professional. T&#8217;estalviar\u00e0s un bon pessic!<\/p>\n<\/div><\/section>\n\n<style type=\"text\/css\" data-created_by=\"avia_inline_auto\" id=\"style-css-av-ke14niom-44f0e0391fb891ec0d45a62e0b2504d5\">\n.avia-accordion.av-ke14niom-44f0e0391fb891ec0d45a62e0b2504d5{\nmax-height:423px;\n}\n.avia-accordion.av-ke14niom-44f0e0391fb891ec0d45a62e0b2504d5 .aviaccordion-preview{\nwidth:20.1%;\n}\n.avia-accordion .aviaccordion-slide.av-ke14niom-44f0e0391fb891ec0d45a62e0b2504d5__0{\nleft:0%;\n}\n.avia-accordion .aviaccordion-slide.av-ke14niom-44f0e0391fb891ec0d45a62e0b2504d5__1{\nleft:20%;\n}\n.avia-accordion .aviaccordion-slide.av-ke14niom-44f0e0391fb891ec0d45a62e0b2504d5__2{\nleft:40%;\n}\n.avia-accordion .aviaccordion-slide.av-ke14niom-44f0e0391fb891ec0d45a62e0b2504d5__3{\nleft:60%;\n}\n.avia-accordion .aviaccordion-slide.av-ke14niom-44f0e0391fb891ec0d45a62e0b2504d5__4{\nleft:80%;\n}\n<\/style>\n<div  id=\"accordion_slider_1\"  class='aviaccordion avia-accordion av-ke14niom-44f0e0391fb891ec0d45a62e0b2504d5 aviaccordion-title-active av-slideshow-manual av-loop-once ' data-slideshow-options=\"{&quot;interval&quot;:5,&quot;autoplay&quot;:false,&quot;loop_autoplay&quot;:&quot;once&quot;}\"  itemscope=\"itemscope\" itemtype=\"https:\/\/schema.org\/Blog\" ><ul class=\"aviaccordion-inner\"><li class='aviaccordion-slide av-ke14niom-44f0e0391fb891ec0d45a62e0b2504d5__0 aviaccordion-slide-1' data-av-left='0'  itemscope=\"itemscope\" itemtype=\"https:\/\/schema.org\/CreativeWork\" ><a class='aviaccordion-slide-link noHover' href=\"https:\/\/autoboxmataro.es\/wp-content\/uploads\/2020\/08\/slider2.jpg\" data-srcset=\"https:\/\/autoboxmataro.es\/wp-content\/uploads\/2020\/08\/slider2.jpg 900w, https:\/\/autoboxmataro.es\/wp-content\/uploads\/2020\/08\/slider2-300x122.jpg 300w, https:\/\/autoboxmataro.es\/wp-content\/uploads\/2020\/08\/slider2-768x311.jpg 768w, https:\/\/autoboxmataro.es\/wp-content\/uploads\/2020\/08\/slider2-705x286.jpg 705w\" data-sizes=\"(max-width: 900px) 100vw, 900px\"  title=\"slider2\" ><div class='aviaccordion-preview av-accordion-text-center'><\/div><img loading=\"lazy\" decoding=\"async\" width=\"900\" height=\"365\" src=\"https:\/\/autoboxmataro.es\/wp-content\/uploads\/2020\/08\/slider2.jpg\" class=\"aviaccordion-image\" alt=\"\" srcset=\"https:\/\/autoboxmataro.es\/wp-content\/uploads\/2020\/08\/slider2.jpg 900w, https:\/\/autoboxmataro.es\/wp-content\/uploads\/2020\/08\/slider2-300x122.jpg 300w, https:\/\/autoboxmataro.es\/wp-content\/uploads\/2020\/08\/slider2-768x311.jpg 768w, https:\/\/autoboxmataro.es\/wp-content\/uploads\/2020\/08\/slider2-705x286.jpg 705w\" sizes=\"auto, (max-width: 900px) 100vw, 900px\" \/><\/a><\/li><li class='aviaccordion-slide av-ke14niom-44f0e0391fb891ec0d45a62e0b2504d5__1 aviaccordion-slide-2' data-av-left='20'  itemscope=\"itemscope\" itemtype=\"https:\/\/schema.org\/CreativeWork\" ><a class='aviaccordion-slide-link noHover' href=\"https:\/\/autoboxmataro.es\/wp-content\/uploads\/2020\/08\/temp_img_6.jpg\" data-srcset=\"https:\/\/autoboxmataro.es\/wp-content\/uploads\/2020\/08\/temp_img_6.jpg 425w, https:\/\/autoboxmataro.es\/wp-content\/uploads\/2020\/08\/temp_img_6-300x199.jpg 300w\" data-sizes=\"(max-width: 425px) 100vw, 425px\"  title=\"temp_img_6\" ><div class='aviaccordion-preview av-accordion-text-center'><\/div><img loading=\"lazy\" decoding=\"async\" width=\"425\" height=\"282\" src=\"https:\/\/autoboxmataro.es\/wp-content\/uploads\/2020\/08\/temp_img_6.jpg\" class=\"aviaccordion-image\" alt=\"\" srcset=\"https:\/\/autoboxmataro.es\/wp-content\/uploads\/2020\/08\/temp_img_6.jpg 425w, https:\/\/autoboxmataro.es\/wp-content\/uploads\/2020\/08\/temp_img_6-300x199.jpg 300w\" sizes=\"auto, (max-width: 425px) 100vw, 425px\" \/><\/a><\/li><li class='aviaccordion-slide av-ke14niom-44f0e0391fb891ec0d45a62e0b2504d5__2 aviaccordion-slide-3' data-av-left='40'  itemscope=\"itemscope\" itemtype=\"https:\/\/schema.org\/CreativeWork\" ><a class='aviaccordion-slide-link noHover' href=\"https:\/\/autoboxmataro.es\/wp-content\/uploads\/2020\/08\/sliderPrimera.jpg\" data-srcset=\"https:\/\/autoboxmataro.es\/wp-content\/uploads\/2020\/08\/sliderPrimera.jpg 900w, https:\/\/autoboxmataro.es\/wp-content\/uploads\/2020\/08\/sliderPrimera-300x122.jpg 300w, https:\/\/autoboxmataro.es\/wp-content\/uploads\/2020\/08\/sliderPrimera-768x311.jpg 768w, https:\/\/autoboxmataro.es\/wp-content\/uploads\/2020\/08\/sliderPrimera-705x286.jpg 705w\" data-sizes=\"(max-width: 900px) 100vw, 900px\"  title=\"sliderPrimera\" ><div class='aviaccordion-preview av-accordion-text-center'><\/div><img loading=\"lazy\" decoding=\"async\" width=\"900\" height=\"365\" src=\"https:\/\/autoboxmataro.es\/wp-content\/uploads\/2020\/08\/sliderPrimera.jpg\" class=\"aviaccordion-image\" alt=\"\" srcset=\"https:\/\/autoboxmataro.es\/wp-content\/uploads\/2020\/08\/sliderPrimera.jpg 900w, https:\/\/autoboxmataro.es\/wp-content\/uploads\/2020\/08\/sliderPrimera-300x122.jpg 300w, https:\/\/autoboxmataro.es\/wp-content\/uploads\/2020\/08\/sliderPrimera-768x311.jpg 768w, https:\/\/autoboxmataro.es\/wp-content\/uploads\/2020\/08\/sliderPrimera-705x286.jpg 705w\" sizes=\"auto, (max-width: 900px) 100vw, 900px\" \/><\/a><\/li><li class='aviaccordion-slide av-ke14niom-44f0e0391fb891ec0d45a62e0b2504d5__3 aviaccordion-slide-4' data-av-left='60'  itemscope=\"itemscope\" itemtype=\"https:\/\/schema.org\/CreativeWork\" ><a class='aviaccordion-slide-link noHover' href=\"https:\/\/autoboxmataro.es\/wp-content\/uploads\/2020\/08\/slider3.jpg\" data-srcset=\"https:\/\/autoboxmataro.es\/wp-content\/uploads\/2020\/08\/slider3.jpg 900w, https:\/\/autoboxmataro.es\/wp-content\/uploads\/2020\/08\/slider3-300x122.jpg 300w, https:\/\/autoboxmataro.es\/wp-content\/uploads\/2020\/08\/slider3-768x311.jpg 768w, https:\/\/autoboxmataro.es\/wp-content\/uploads\/2020\/08\/slider3-705x286.jpg 705w\" data-sizes=\"(max-width: 900px) 100vw, 900px\"  title=\"slider3\" ><div class='aviaccordion-preview av-accordion-text-center'><\/div><img loading=\"lazy\" decoding=\"async\" width=\"900\" height=\"365\" src=\"https:\/\/autoboxmataro.es\/wp-content\/uploads\/2020\/08\/slider3.jpg\" class=\"aviaccordion-image\" alt=\"\" srcset=\"https:\/\/autoboxmataro.es\/wp-content\/uploads\/2020\/08\/slider3.jpg 900w, https:\/\/autoboxmataro.es\/wp-content\/uploads\/2020\/08\/slider3-300x122.jpg 300w, https:\/\/autoboxmataro.es\/wp-content\/uploads\/2020\/08\/slider3-768x311.jpg 768w, https:\/\/autoboxmataro.es\/wp-content\/uploads\/2020\/08\/slider3-705x286.jpg 705w\" sizes=\"auto, (max-width: 900px) 100vw, 900px\" \/><\/a><\/li><li class='aviaccordion-slide av-ke14niom-44f0e0391fb891ec0d45a62e0b2504d5__4 aviaccordion-slide-5' data-av-left='80'  itemscope=\"itemscope\" itemtype=\"https:\/\/schema.org\/CreativeWork\" ><a class='aviaccordion-slide-link noHover' href=\"https:\/\/autoboxmataro.es\/wp-content\/uploads\/2020\/08\/elevador.jpg\" data-srcset=\"https:\/\/autoboxmataro.es\/wp-content\/uploads\/2020\/08\/elevador.jpg 361w, https:\/\/autoboxmataro.es\/wp-content\/uploads\/2020\/08\/elevador-300x165.jpg 300w\" data-sizes=\"(max-width: 361px) 100vw, 361px\"  title=\"elevador\" ><div class='aviaccordion-preview av-accordion-text-center'><\/div><img loading=\"lazy\" decoding=\"async\" width=\"361\" height=\"199\" src=\"https:\/\/autoboxmataro.es\/wp-content\/uploads\/2020\/08\/elevador.jpg\" class=\"aviaccordion-image\" alt=\"\" srcset=\"https:\/\/autoboxmataro.es\/wp-content\/uploads\/2020\/08\/elevador.jpg 361w, https:\/\/autoboxmataro.es\/wp-content\/uploads\/2020\/08\/elevador-300x165.jpg 300w\" sizes=\"auto, (max-width: 361px) 100vw, 361px\" \/><\/a><\/li><\/ul><div class='aviaccordion-spacer' style='padding-bottom:34.95867768595%'><\/div><\/div>\n","protected":false},"excerpt":{"rendered":"","protected":false},"author":1,"featured_media":0,"parent":0,"menu_order":0,"comment_status":"closed","ping_status":"open","template":"","meta":{"_joinchat":[],"footnotes":""},"class_list":["post-888","page","type-page","status-publish","hentry"],"yoast_head":"<!-- This site is optimized with the Yoast SEO plugin v27.0 - https:\/\/yoast.com\/product\/yoast-seo-wordpress\/ -->\n<title>Qui Som - Autobox Matar\u00f3<\/title>\n<meta name=\"robots\" content=\"index, follow, max-snippet:-1, max-image-preview:large, max-video-preview:-1\" \/>\n<link rel=\"canonical\" href=\"https:\/\/autoboxmataro.es\/ca\/qui-som\/\" \/>\n<meta property=\"og:locale\" content=\"ca_ES\" \/>\n<meta property=\"og:type\" content=\"article\" \/>\n<meta property=\"og:title\" content=\"Qui Som - Autobox Matar\u00f3\" \/>\n<meta property=\"og:url\" content=\"https:\/\/autoboxmataro.es\/ca\/qui-som\/\" \/>\n<meta property=\"og:site_name\" content=\"Autobox Matar\u00f3\" \/>\n<meta property=\"article:modified_time\" content=\"2020-09-14T15:15:52+00:00\" \/>\n<meta name=\"twitter:card\" content=\"summary_large_image\" \/>\n<meta name=\"twitter:label1\" content=\"Temps estimat de lectura\" \/>\n\t<meta name=\"twitter:data1\" content=\"3 minuts\" \/>\n<script type=\"application\/ld+json\" class=\"yoast-schema-graph\">{\"@context\":\"https:\/\/schema.org\",\"@graph\":[{\"@type\":\"WebPage\",\"@id\":\"https:\/\/autoboxmataro.es\/ca\/qui-som\/\",\"url\":\"https:\/\/autoboxmataro.es\/ca\/qui-som\/\",\"name\":\"Qui Som - Autobox Matar\u00f3\",\"isPartOf\":{\"@id\":\"https:\/\/autoboxmataro.es\/ca\/#website\"},\"datePublished\":\"2020-08-18T14:50:38+00:00\",\"dateModified\":\"2020-09-14T15:15:52+00:00\",\"breadcrumb\":{\"@id\":\"https:\/\/autoboxmataro.es\/ca\/qui-som\/#breadcrumb\"},\"inLanguage\":\"ca\",\"potentialAction\":[{\"@type\":\"ReadAction\",\"target\":[\"https:\/\/autoboxmataro.es\/ca\/qui-som\/\"]}]},{\"@type\":\"BreadcrumbList\",\"@id\":\"https:\/\/autoboxmataro.es\/ca\/qui-som\/#breadcrumb\",\"itemListElement\":[{\"@type\":\"ListItem\",\"position\":1,\"name\":\"Portada\",\"item\":\"https:\/\/autoboxmataro.es\/ca\/\"},{\"@type\":\"ListItem\",\"position\":2,\"name\":\"Qui Som\"}]},{\"@type\":\"WebSite\",\"@id\":\"https:\/\/autoboxmataro.es\/ca\/#website\",\"url\":\"https:\/\/autoboxmataro.es\/ca\/\",\"name\":\"Autobox Matar\u00f3\",\"description\":\"Alquiler de Boxes para reparar tu veh\u00edculo sin pagar la mano de obra, en Matar\u00f3\",\"potentialAction\":[{\"@type\":\"SearchAction\",\"target\":{\"@type\":\"EntryPoint\",\"urlTemplate\":\"https:\/\/autoboxmataro.es\/ca\/?s={search_term_string}\"},\"query-input\":{\"@type\":\"PropertyValueSpecification\",\"valueRequired\":true,\"valueName\":\"search_term_string\"}}],\"inLanguage\":\"ca\"}]}<\/script>\n<!-- \/ Yoast SEO plugin. -->","yoast_head_json":{"title":"Qui Som - Autobox Matar\u00f3","robots":{"index":"index","follow":"follow","max-snippet":"max-snippet:-1","max-image-preview":"max-image-preview:large","max-video-preview":"max-video-preview:-1"},"canonical":"https:\/\/autoboxmataro.es\/ca\/qui-som\/","og_locale":"ca_ES","og_type":"article","og_title":"Qui Som - Autobox Matar\u00f3","og_url":"https:\/\/autoboxmataro.es\/ca\/qui-som\/","og_site_name":"Autobox Matar\u00f3","article_modified_time":"2020-09-14T15:15:52+00:00","twitter_card":"summary_large_image","twitter_misc":{"Temps estimat de lectura":"3 minuts"},"schema":{"@context":"https:\/\/schema.org","@graph":[{"@type":"WebPage","@id":"https:\/\/autoboxmataro.es\/ca\/qui-som\/","url":"https:\/\/autoboxmataro.es\/ca\/qui-som\/","name":"Qui Som - Autobox Matar\u00f3","isPartOf":{"@id":"https:\/\/autoboxmataro.es\/ca\/#website"},"datePublished":"2020-08-18T14:50:38+00:00","dateModified":"2020-09-14T15:15:52+00:00","breadcrumb":{"@id":"https:\/\/autoboxmataro.es\/ca\/qui-som\/#breadcrumb"},"inLanguage":"ca","potentialAction":[{"@type":"ReadAction","target":["https:\/\/autoboxmataro.es\/ca\/qui-som\/"]}]},{"@type":"BreadcrumbList","@id":"https:\/\/autoboxmataro.es\/ca\/qui-som\/#breadcrumb","itemListElement":[{"@type":"ListItem","position":1,"name":"Portada","item":"https:\/\/autoboxmataro.es\/ca\/"},{"@type":"ListItem","position":2,"name":"Qui Som"}]},{"@type":"WebSite","@id":"https:\/\/autoboxmataro.es\/ca\/#website","url":"https:\/\/autoboxmataro.es\/ca\/","name":"Autobox Matar\u00f3","description":"Alquiler de Boxes para reparar tu veh\u00edculo sin pagar la mano de obra, en Matar\u00f3","potentialAction":[{"@type":"SearchAction","target":{"@type":"EntryPoint","urlTemplate":"https:\/\/autoboxmataro.es\/ca\/?s={search_term_string}"},"query-input":{"@type":"PropertyValueSpecification","valueRequired":true,"valueName":"search_term_string"}}],"inLanguage":"ca"}]}},"_links":{"self":[{"href":"https:\/\/autoboxmataro.es\/ca\/wp-json\/wp\/v2\/pages\/888","targetHints":{"allow":["GET"]}}],"collection":[{"href":"https:\/\/autoboxmataro.es\/ca\/wp-json\/wp\/v2\/pages"}],"about":[{"href":"https:\/\/autoboxmataro.es\/ca\/wp-json\/wp\/v2\/types\/page"}],"author":[{"embeddable":true,"href":"https:\/\/autoboxmataro.es\/ca\/wp-json\/wp\/v2\/users\/1"}],"replies":[{"embeddable":true,"href":"https:\/\/autoboxmataro.es\/ca\/wp-json\/wp\/v2\/comments?post=888"}],"version-history":[{"count":5,"href":"https:\/\/autoboxmataro.es\/ca\/wp-json\/wp\/v2\/pages\/888\/revisions"}],"predecessor-version":[{"id":953,"href":"https:\/\/autoboxmataro.es\/ca\/wp-json\/wp\/v2\/pages\/888\/revisions\/953"}],"wp:attachment":[{"href":"https:\/\/autoboxmataro.es\/ca\/wp-json\/wp\/v2\/media?parent=888"}],"curies":[{"name":"wp","href":"https:\/\/api.w.org\/{rel}","templated":true}]}}