{"id":819,"date":"2015-10-15T15:32:49","date_gmt":"2015-10-15T15:32:49","guid":{"rendered":"http:\/\/autoboxmataro.es\/servicios-precios\/"},"modified":"2026-02-26T10:05:09","modified_gmt":"2026-02-26T10:05:09","slug":"servicis-preus","status":"publish","type":"page","link":"https:\/\/autoboxmataro.es\/ca\/servicis-preus\/","title":{"rendered":"Preus"},"content":{"rendered":"\n<style type=\"text\/css\" data-created_by=\"avia_inline_auto\" id=\"style-css-av-ke16p6n7-f33991afbb70ad6e1bd9e831beb03749\">\n.avia-section.av-ke16p6n7-f33991afbb70ad6e1bd9e831beb03749{\nbackground-color:#031f42;\nbackground:linear-gradient( to bottom, #031f42, #424242 );\n}\n<\/style>\n<div id='av_section_1'  class='avia-section av-ke16p6n7-f33991afbb70ad6e1bd9e831beb03749 main_color avia-section-large avia-no-border-styling  avia-builder-el-0  el_before_av_table  avia-builder-el-first  avia-bg-style-scroll container_wrap sidebar_right'  ><div class='container av-section-cont-open' ><main  role=\"main\" itemprop=\"mainContentOfPage\"  class='template-page content  av-content-small alpha units'><div class='post-entry post-entry-type-page post-entry-819'><div class='entry-content-wrapper clearfix'>\n\n<style type=\"text\/css\" data-created_by=\"avia_inline_auto\" id=\"style-css-av-kejpkdzk-7e559558d5f55b4b001eb55b87e99e6f\">\n#top .av-special-heading.av-kejpkdzk-7e559558d5f55b4b001eb55b87e99e6f{\npadding-bottom:10px;\ncolor:#ffffff;\nfont-size:44px;\n}\nbody .av-special-heading.av-kejpkdzk-7e559558d5f55b4b001eb55b87e99e6f .av-special-heading-tag .heading-char{\nfont-size:25px;\n}\n#top #wrap_all .av-special-heading.av-kejpkdzk-7e559558d5f55b4b001eb55b87e99e6f .av-special-heading-tag{\nfont-size:44px;\n}\n.av-special-heading.av-kejpkdzk-7e559558d5f55b4b001eb55b87e99e6f .special-heading-inner-border{\nborder-color:#ffffff;\n}\n.av-special-heading.av-kejpkdzk-7e559558d5f55b4b001eb55b87e99e6f .av-subheading{\nfont-size:15px;\n}\n\n@media only screen and (min-width: 480px) and (max-width: 767px){ \n#top #wrap_all .av-special-heading.av-kejpkdzk-7e559558d5f55b4b001eb55b87e99e6f .av-special-heading-tag{\nfont-size:0.8em;\n}\n}\n\n@media only screen and (max-width: 479px){ \n#top #wrap_all .av-special-heading.av-kejpkdzk-7e559558d5f55b4b001eb55b87e99e6f .av-special-heading-tag{\nfont-size:0.8em;\n}\n}\n<\/style>\n<div  class='av-special-heading av-kejpkdzk-7e559558d5f55b4b001eb55b87e99e6f av-special-heading-h3 custom-color-heading blockquote modern-quote modern-centered  avia-builder-el-1  avia-builder-el-no-sibling  av-inherit-size'><h3 class='av-special-heading-tag '  itemprop=\"headline\"  >PREUS<\/h3><div class=\"special-heading-border\"><div class=\"special-heading-inner-border\"><\/div><\/div><\/div>\n<\/div><\/div><\/main><!-- close content main element --><\/div><\/div><div id='after_section_1'  class='main_color av_default_container_wrap container_wrap sidebar_right'  ><div class='container av-section-cont-open' ><div class='template-page content  av-content-small alpha units'><div class='post-entry post-entry-type-page post-entry-819'><div class='entry-content-wrapper clearfix'>\n<div  class='avia-table av-2xovp-b35bf9a23a9ae8359aa831f6a041f051 main_color avia-pricing-table-container avia_show_empty_cells avia_pricing_minimal  avia-builder-el-2  el_after_av_section  avia-builder-el-no-sibling  avia-table-1'  itemscope=\"itemscope\" itemtype=\"https:\/\/schema.org\/Table\" ><div class=\"pricing-table-wrap\"><ul class='pricing-table avia-center-col'><li class='avia-heading-row'><div class='first-table-item'>OPCIONS<\/p>\n<p>DISPONIBLES                                                                   <\/p>\n<p><\/div><span class='pricing-extra'><\/span><\/li><li class=''>Espai taller<\/li><li class=''>Elevador<\/li><li class=''>Carro d&#8217;eines<\/li><li class=''>Banc de treball<\/li><li class=''>Desmuntadora<\/li><li class=''>Equilibradora neum\u00e0tics<\/li><li class=''>Diagnosis avaries<\/li><li class=''>Reciclatge neum\u00e0tics<\/li><li class=''>V\u00e0lvules rodes<\/li><li class=''>Ploms d&#8217;equilibrar<\/li><li class='avia-button-row empty-table-cell'><span class='fallback-table-val'><div  class='avia-button-wrap av-keb647a0-fa96857e8744297432708327bc865a19-wrap avia-button-center  avia-builder-el-3  el_before_av_button  avia-builder-el-first '><a href=''  class='avia-button av-keb647a0-fa96857e8744297432708327bc865a19 av-link-btn avia-icon_select-yes-left-icon avia-size-medium avia-position-center avia-color-theme-color'   aria-label=\"Consultar\"><span class='avia_button_icon avia_button_icon_left avia-iconfont avia-font-entypo-fontello' data-av_icon='\ue81f' data-av_iconfont='entypo-fontello' ><\/span><span class='avia_iconbox_title' >Consultar<\/span><\/a><\/div><\/p>\n<p><\/span><\/li><\/ul><\/div><div class=\"pricing-table-wrap\"><ul class='pricing-table avia-center-col'><li class='avia-heading-row'><div class='first-table-item'>LLOGUER BOX<\/p>\n<p>20\u20ac\/HORA AMB IVA<\/div><span class='pricing-extra'><\/span><\/li><li class=''><b>25m2<\/b><\/li><li class=''><b>S\u00ed<\/b><\/li><li class=''><b>S\u00ed<\/b><\/li><li class=''><b>S\u00ed<\/b><\/li><li class=''><b>S\u00ed<\/b><\/li><li class=''><b>S\u00ed<\/b><\/li><li class=''><b>X<\/b><\/li><li class=''><b>X<\/b><\/li><li class=''><b>1\u20ac<\/b><\/li><li class=''><b>1\u20ac<\/b><\/li><li class='avia-button-row'><div  class='avia-button-wrap av-keb647a0-fa96857e8744297432708327bc865a19-wrap avia-button-center  avia-builder-el-3  el_before_av_button  avia-builder-el-first '><a href=''  class='avia-button av-keb647a0-fa96857e8744297432708327bc865a19 av-link-btn avia-icon_select-yes-left-icon avia-size-medium avia-position-center avia-color-theme-color'   aria-label=\"Consultar\"><span class='avia_button_icon avia_button_icon_left avia-iconfont avia-font-entypo-fontello' data-av_icon='\ue81f' data-av_iconfont='entypo-fontello' ><\/span><span class='avia_iconbox_title' >Consultar<\/span><\/a><\/div><\/p>\n<p><\/li><\/ul><\/div><div class=\"pricing-table-wrap\"><ul class='pricing-table avia-center-col'><li class='avia-heading-row'><div class='first-table-item'>TALLER MEC\u00c0NIC<\/p>\n<p>40\u20ac\/HORA SENSE IVA<\/div><span class='pricing-extra'><\/span><\/li><li class=''><b>S\u00ed<\/b><\/li><li class=''><b>S\u00ed<\/b><\/li><li class=''><b>S\u00ed<\/b><\/li><li class=''><b>S\u00ed<\/b><\/li><li class=''><b>S\u00ed<\/b><\/li><li class=''><b>S\u00ed<\/b><\/li><li class=''><b>+30\u20ac<\/b><\/li><li class=''><b>X<\/b><\/li><li class=''><b>1\u20ac<\/b><\/li><li class=''><b>1\u20ac<\/b><\/li><li class='avia-button-row'><div  class='avia-button-wrap av-keb657qg-71a5886c0d2cbe76a6aa9ae7b9c696ed-wrap avia-button-center  avia-builder-el-4  el_after_av_button  avia-builder-el-last '><a href=''  class='avia-button av-keb657qg-71a5886c0d2cbe76a6aa9ae7b9c696ed av-link-btn avia-icon_select-yes-left-icon avia-size-medium avia-position-center avia-color-theme-color'   aria-label=\"Consultar\"><span class='avia_button_icon avia_button_icon_left avia-iconfont avia-font-entypo-fontello' data-av_icon='\ue81f' data-av_iconfont='entypo-fontello' ><\/span><span class='avia_iconbox_title' >Consultar<\/span><\/a><\/div><\/p>\n<p><\/li><\/ul><\/div><\/div>\n","protected":false},"excerpt":{"rendered":"","protected":false},"author":1,"featured_media":0,"parent":0,"menu_order":0,"comment_status":"closed","ping_status":"closed","template":"","meta":{"_joinchat":[],"footnotes":""},"class_list":["post-819","page","type-page","status-publish","hentry"],"yoast_head":"<!-- This site is optimized with the Yoast SEO plugin v27.0 - https:\/\/yoast.com\/product\/yoast-seo-wordpress\/ -->\n<title>Preus - Autobox Matar\u00f3<\/title>\n<meta name=\"robots\" content=\"index, follow, max-snippet:-1, max-image-preview:large, max-video-preview:-1\" \/>\n<link rel=\"canonical\" href=\"https:\/\/autoboxmataro.es\/ca\/servicis-preus\/\" \/>\n<meta property=\"og:locale\" content=\"ca_ES\" \/>\n<meta property=\"og:type\" content=\"article\" \/>\n<meta property=\"og:title\" content=\"Preus - Autobox Matar\u00f3\" \/>\n<meta property=\"og:url\" content=\"https:\/\/autoboxmataro.es\/ca\/servicis-preus\/\" \/>\n<meta property=\"og:site_name\" content=\"Autobox Matar\u00f3\" \/>\n<meta property=\"article:modified_time\" content=\"2026-02-26T10:05:09+00:00\" \/>\n<meta name=\"twitter:card\" content=\"summary_large_image\" \/>\n<meta name=\"twitter:label1\" content=\"Temps estimat de lectura\" \/>\n\t<meta name=\"twitter:data1\" content=\"1 minut\" \/>\n<script type=\"application\/ld+json\" class=\"yoast-schema-graph\">{\"@context\":\"https:\/\/schema.org\",\"@graph\":[{\"@type\":\"WebPage\",\"@id\":\"https:\/\/autoboxmataro.es\/ca\/servicis-preus\/\",\"url\":\"https:\/\/autoboxmataro.es\/ca\/servicis-preus\/\",\"name\":\"Preus - Autobox Matar\u00f3\",\"isPartOf\":{\"@id\":\"https:\/\/autoboxmataro.es\/ca\/#website\"},\"datePublished\":\"2015-10-15T15:32:49+00:00\",\"dateModified\":\"2026-02-26T10:05:09+00:00\",\"breadcrumb\":{\"@id\":\"https:\/\/autoboxmataro.es\/ca\/servicis-preus\/#breadcrumb\"},\"inLanguage\":\"ca\",\"potentialAction\":[{\"@type\":\"ReadAction\",\"target\":[\"https:\/\/autoboxmataro.es\/ca\/servicis-preus\/\"]}]},{\"@type\":\"BreadcrumbList\",\"@id\":\"https:\/\/autoboxmataro.es\/ca\/servicis-preus\/#breadcrumb\",\"itemListElement\":[{\"@type\":\"ListItem\",\"position\":1,\"name\":\"Portada\",\"item\":\"https:\/\/autoboxmataro.es\/ca\/\"},{\"@type\":\"ListItem\",\"position\":2,\"name\":\"Preus\"}]},{\"@type\":\"WebSite\",\"@id\":\"https:\/\/autoboxmataro.es\/ca\/#website\",\"url\":\"https:\/\/autoboxmataro.es\/ca\/\",\"name\":\"Autobox Matar\u00f3\",\"description\":\"Alquiler de Boxes para reparar tu veh\u00edculo sin pagar la mano de obra, en Matar\u00f3\",\"potentialAction\":[{\"@type\":\"SearchAction\",\"target\":{\"@type\":\"EntryPoint\",\"urlTemplate\":\"https:\/\/autoboxmataro.es\/ca\/?s={search_term_string}\"},\"query-input\":{\"@type\":\"PropertyValueSpecification\",\"valueRequired\":true,\"valueName\":\"search_term_string\"}}],\"inLanguage\":\"ca\"}]}<\/script>\n<!-- \/ Yoast SEO plugin. -->","yoast_head_json":{"title":"Preus - Autobox Matar\u00f3","robots":{"index":"index","follow":"follow","max-snippet":"max-snippet:-1","max-image-preview":"max-image-preview:large","max-video-preview":"max-video-preview:-1"},"canonical":"https:\/\/autoboxmataro.es\/ca\/servicis-preus\/","og_locale":"ca_ES","og_type":"article","og_title":"Preus - Autobox Matar\u00f3","og_url":"https:\/\/autoboxmataro.es\/ca\/servicis-preus\/","og_site_name":"Autobox Matar\u00f3","article_modified_time":"2026-02-26T10:05:09+00:00","twitter_card":"summary_large_image","twitter_misc":{"Temps estimat de lectura":"1 minut"},"schema":{"@context":"https:\/\/schema.org","@graph":[{"@type":"WebPage","@id":"https:\/\/autoboxmataro.es\/ca\/servicis-preus\/","url":"https:\/\/autoboxmataro.es\/ca\/servicis-preus\/","name":"Preus - Autobox Matar\u00f3","isPartOf":{"@id":"https:\/\/autoboxmataro.es\/ca\/#website"},"datePublished":"2015-10-15T15:32:49+00:00","dateModified":"2026-02-26T10:05:09+00:00","breadcrumb":{"@id":"https:\/\/autoboxmataro.es\/ca\/servicis-preus\/#breadcrumb"},"inLanguage":"ca","potentialAction":[{"@type":"ReadAction","target":["https:\/\/autoboxmataro.es\/ca\/servicis-preus\/"]}]},{"@type":"BreadcrumbList","@id":"https:\/\/autoboxmataro.es\/ca\/servicis-preus\/#breadcrumb","itemListElement":[{"@type":"ListItem","position":1,"name":"Portada","item":"https:\/\/autoboxmataro.es\/ca\/"},{"@type":"ListItem","position":2,"name":"Preus"}]},{"@type":"WebSite","@id":"https:\/\/autoboxmataro.es\/ca\/#website","url":"https:\/\/autoboxmataro.es\/ca\/","name":"Autobox Matar\u00f3","description":"Alquiler de Boxes para reparar tu veh\u00edculo sin pagar la mano de obra, en Matar\u00f3","potentialAction":[{"@type":"SearchAction","target":{"@type":"EntryPoint","urlTemplate":"https:\/\/autoboxmataro.es\/ca\/?s={search_term_string}"},"query-input":{"@type":"PropertyValueSpecification","valueRequired":true,"valueName":"search_term_string"}}],"inLanguage":"ca"}]}},"_links":{"self":[{"href":"https:\/\/autoboxmataro.es\/ca\/wp-json\/wp\/v2\/pages\/819","targetHints":{"allow":["GET"]}}],"collection":[{"href":"https:\/\/autoboxmataro.es\/ca\/wp-json\/wp\/v2\/pages"}],"about":[{"href":"https:\/\/autoboxmataro.es\/ca\/wp-json\/wp\/v2\/types\/page"}],"author":[{"embeddable":true,"href":"https:\/\/autoboxmataro.es\/ca\/wp-json\/wp\/v2\/users\/1"}],"replies":[{"embeddable":true,"href":"https:\/\/autoboxmataro.es\/ca\/wp-json\/wp\/v2\/comments?post=819"}],"version-history":[{"count":12,"href":"https:\/\/autoboxmataro.es\/ca\/wp-json\/wp\/v2\/pages\/819\/revisions"}],"predecessor-version":[{"id":1875,"href":"https:\/\/autoboxmataro.es\/ca\/wp-json\/wp\/v2\/pages\/819\/revisions\/1875"}],"wp:attachment":[{"href":"https:\/\/autoboxmataro.es\/ca\/wp-json\/wp\/v2\/media?parent=819"}],"curies":[{"name":"wp","href":"https:\/\/api.w.org\/{rel}","templated":true}]}}